{"id":25838,"date":"2021-09-27T17:40:53","date_gmt":"2021-09-27T16:40:53","guid":{"rendered":"https:\/\/www.rheagroup.com\/?page_id=25838"},"modified":"2024-12-16T16:25:09","modified_gmt":"2024-12-16T16:25:09","slug":"ingenierie-des-systemes-basee-sur-le-modele","status":"publish","type":"page","link":"https:\/\/www.rheagroup.com\/fr\/services-solutions\/ingenierie-des-systemes\/ingenierie-des-systemes-basee-sur-le-modele\/","title":{"rendered":"Ing\u00e9nierie des syst\u00e8mes bas\u00e9e sur le mod\u00e8le"},"content":{"rendered":"","protected":false},"excerpt":{"rendered":"","protected":false},"author":15,"featured_media":19425,"parent":10937,"menu_order":0,"comment_status":"closed","ping_status":"closed","template":"","meta":{"_acf_changed":false,"footnotes":""},"class_list":["post-25838","page","type-page","status-publish","has-post-thumbnail","hentry"],"acf":[],"_links":{"self":[{"href":"https:\/\/www.rheagroup.com\/fr\/wp-json\/wp\/v2\/pages\/25838","targetHints":{"allow":["GET"]}}],"collection":[{"href":"https:\/\/www.rheagroup.com\/fr\/wp-json\/wp\/v2\/pages"}],"about":[{"href":"https:\/\/www.rheagroup.com\/fr\/wp-json\/wp\/v2\/types\/page"}],"author":[{"embeddable":true,"href":"https:\/\/www.rheagroup.com\/fr\/wp-json\/wp\/v2\/users\/15"}],"replies":[{"embeddable":true,"href":"https:\/\/www.rheagroup.com\/fr\/wp-json\/wp\/v2\/comments?post=25838"}],"version-history":[{"count":10,"href":"https:\/\/www.rheagroup.com\/fr\/wp-json\/wp\/v2\/pages\/25838\/revisions"}],"predecessor-version":[{"id":40166,"href":"https:\/\/www.rheagroup.com\/fr\/wp-json\/wp\/v2\/pages\/25838\/revisions\/40166"}],"up":[{"embeddable":true,"href":"https:\/\/www.rheagroup.com\/fr\/wp-json\/wp\/v2\/pages\/10937"}],"wp:featuredmedia":[{"embeddable":true,"href":"https:\/\/www.rheagroup.com\/fr\/wp-json\/wp\/v2\/media\/19425"}],"wp:attachment":[{"href":"https:\/\/www.rheagroup.com\/fr\/wp-json\/wp\/v2\/media?parent=25838"}],"curies":[{"name":"wp","href":"https:\/\/api.w.org\/{rel}","templated":true}]}}